{"id":14,"date":"2023-06-20T08:56:27","date_gmt":"2023-06-20T08:56:27","guid":{"rendered":"https:\/\/wannastudio-com.stackstaging.com\/?page_id=14"},"modified":"2023-11-20T17:18:24","modified_gmt":"2023-11-20T17:18:24","slug":"about","status":"publish","type":"page","link":"https:\/\/www.wannastudio.com\/de\/uber\/","title":{"rendered":"\u00dcber"},"content":{"rendered":"<div class=\"wp-block-uagb-container uagb-block-d92cc686 alignfull uagb-is-root-container\"><div class=\"uagb-container-inner-blocks-wrap\">\n<div class=\"wp-block-uagb-info-box uagb-block-59507d16 uagb-infobox__content-wrap  uagb-infobox-icon-above-title uagb-infobox-image-valign-top\"><div class=\"uagb-ifb-content\"><div class=\"uagb-ifb-title-wrap\"><h1 class=\"uagb-ifb-title\">Ihr erschwinglicher und einladender Kurzurlaub<\/h1><\/div><div class=\"uagb-ifb-separator\"><\/div><\/div><\/div>\n<\/div><\/div>\n\n\n\n<div class=\"wp-block-uagb-container uag-blocks-common-selector uagb-block-7f6a7531 alignfull uagb-is-root-container\"><div class=\"uagb-container-inner-blocks-wrap\">\n<div class=\"wp-block-uagb-container uagb-block-4b9b8cfe\">\n<div class=\"wp-block-uagb-advanced-heading uagb-block-5c0837f2\"><h6 class=\"uagb-heading-text\">\u00dcber uns<\/h6><\/div>\n\n\n\n<div class=\"wp-block-uagb-advanced-heading uagb-block-8d996c94\"><h2 class=\"uagb-heading-text\">Erleben Sie den Charme von Wanna Studio<\/h2><p class=\"uagb-desc-text\">Wanna Studio wurde mit der Vision gegr\u00fcndet, einen erschwinglichen und einladenden Urlaub auf Mauritius zu bieten. Unsere Gr\u00fcnder erkannten den Bedarf an preisg\u00fcnstigen Unterk\u00fcnften, ohne Kompromisse bei Qualit\u00e4t und Service einzugehen. Mit ihrer Leidenschaft f\u00fcr die Schaffung einer entspannten Atmosph\u00e4re gr\u00fcndeten sie Wanna Studio, um Reisenden einen komfortablen und angenehmen Aufenthalt in der pulsierenden Stadt Grand Baie zu bieten.<\/p><\/div>\n\n\n\n<div class=\"wp-block-uagb-info-box uagb-block-e905eb45 uagb-infobox__content-wrap  uagb-infobox-icon-above-title uagb-infobox-image-valign-top\"><div class=\"uagb-ifb-content\"><div class=\"uagb-ifb-title-wrap\"><\/div><p class=\"uagb-ifb-desc\">Im Laufe der Jahre hatte Wanna Studio das Vergn\u00fcgen, ein breites Spektrum an Kunden zu bedienen, darunter Freizeitreisende, Gesch\u00e4ftsleute und Familien. Unser Engagement f\u00fcr erschwingliche Unterk\u00fcnfte hat Menschen mit unterschiedlichem Hintergrund angezogen, die alle das gemeinsame Ziel haben, die wundersch\u00f6ne Insel Mauritius kennenzulernen. Wir sind stolz darauf, eine komfortable und einladende Umgebung zu schaffen, die auf die Bed\u00fcrfnisse jedes einzelnen Gastes eingeht.<\/p><\/div><\/div>\n<\/div>\n\n\n\n<div class=\"wp-block-uagb-container uagb-block-4be91472\">\n<div class=\"wp-block-uagb-image uagb-block-af225910 wp-block-uagb-image--layout-default wp-block-uagb-image--effect-static wp-block-uagb-image--align-none\"><figure class=\"wp-block-uagb-image__figure\"><img decoding=\"async\" srcset=\"https:\/\/www.wannastudio.com\/wp-content\/uploads\/2023\/11\/Wanna-Studio-Apartments-Mauritius-3-1024x640.jpg ,https:\/\/www.wannastudio.com\/wp-content\/uploads\/2023\/11\/Wanna-Studio-Apartments-Mauritius-3-scaled.jpg 780w, https:\/\/www.wannastudio.com\/wp-content\/uploads\/2023\/11\/Wanna-Studio-Apartments-Mauritius-3-scaled.jpg 360w\" sizes=\"auto, (max-width: 480px) 150px\" src=\"https:\/\/www.wannastudio.com\/wp-content\/uploads\/2023\/11\/Wanna-Studio-Apartments-Mauritius-3-1024x640.jpg\" alt=\"Wanna Studio Wohnungen Mauritius 3\" class=\"uag-image-1084\" width=\"1024\" height=\"700\" loading=\"lazy\" title=\"-\"><\/figure><\/div>\n<\/div>\n<\/div><\/div>\n\n\n\n<div class=\"wp-block-uagb-container uagb-block-501f30ca alignfull uagb-is-root-container\"><div class=\"uagb-container-inner-blocks-wrap\">\n<div class=\"wp-block-uagb-advanced-heading uagb-block-d7aef890\"><h2 class=\"uagb-heading-text\">Warum Wanna Studio w\u00e4hlen?<\/h2><p class=\"uagb-desc-text\">Entdecken Sie den einzigartigen Wert, den wir unseren G\u00e4sten bieten<\/p><\/div>\n\n\n\n<div class=\"wp-block-uagb-container uagb-block-9621f3c8\">\n<div class=\"wp-block-uagb-info-box uagb-block-2a199b88 uagb-infobox__content-wrap  uagb-infobox-icon-left uagb-infobox-left uagb-infobox-stacked-mobile uagb-infobox-image-valign-top\"><div class=\"uagb-ifb-icon-wrap\"><div class=\"uagb-iconbox-icon-wrap uagb-infobox-shape-circle\"><svg xmlns=\"https:\/\/www.w3.org\/2000\/svg\" viewbox=\"0 0 640 512\"><path d=\"M224 256c70.7 0 128-57.31 128-128S294.7 0 224 0C153.3 0 96 57.31 96 128S153.3 256 224 256zM274.7 304H173.3c-95.73 0-173.3 77.6-173.3 173.3C0 496.5 15.52 512 34.66 512H413.3C432.5 512 448 496.5 448 477.3C448 381.6 370.4 304 274.7 304zM479.1 320h-73.85C451.2 357.7 480 414.1 480 477.3C480 490.1 476.2 501.9 470 512h138C625.7 512 640 497.6 640 479.1C640 391.6 568.4 320 479.1 320zM432 256C493.9 256 544 205.9 544 144S493.9 32 432 32c-25.11 0-48.04 8.555-66.72 22.51C376.8 76.63 384 101.4 384 128c0 35.52-11.93 68.14-31.59 94.71C372.7 243.2 400.8 256 432 256z\"><\/path><\/svg><\/div><\/div><div class=\"uagb-ifb-content\"><div class=\"uagb-ifb-title-wrap\"><h5 class=\"uagb-ifb-title\">Budgetfreundliche Unterkunft<\/h5><\/div><p class=\"uagb-ifb-desc\">Genie\u00dfen Sie einen komfortablen Aufenthalt, ohne die Bank zu sprengen<\/p><\/div><\/div>\n\n\n\n<div class=\"wp-block-uagb-info-box uagb-block-aeee27a6 uagb-infobox__content-wrap  uagb-infobox-icon-left uagb-infobox-left uagb-infobox-stacked-mobile uagb-infobox-image-valign-top\"><div class=\"uagb-ifb-icon-wrap\"><div class=\"uagb-iconbox-icon-wrap uagb-infobox-shape-circle\"><svg xmlns=\"https:\/\/www.w3.org\/2000\/svg\" viewbox=\"0 0 512 512\"><path d=\"M512 165.4c0 127.9-70.05 235.3-175.3 270.1c-20.04 7.938-41.83 12.46-64.69 12.46c-64.9 0-125.2-36.51-155.7-94.47c-54.13 49.93-68.71 107-68.96 108.1C44.72 472.6 34.87 480 24.02 480c-1.844 0-3.727-.2187-5.602-.6562c-12.89-3.098-20.84-16.08-17.75-28.96c9.598-39.5 90.47-226.4 335.3-226.4C344.8 224 352 216.8 352 208S344.8 192 336 192C228.6 192 151 226.6 96.29 267.6c.1934-10.82 1.242-21.84 3.535-33.05c13.47-65.81 66.04-119 131.4-134.2c28.33-6.562 55.68-6.013 80.93-.0054c56 13.32 118.2-7.412 149.3-61.24c5.664-9.828 20.02-9.516 24.66 .8282C502.7 76.76 512 121.9 512 165.4z\"><\/path><\/svg><\/div><\/div><div class=\"uagb-ifb-content\"><div class=\"uagb-ifb-title-wrap\"><h5 class=\"uagb-ifb-title\">Ausgezeichneter Service<\/h5><\/div><p class=\"uagb-ifb-desc\">Unser engagiertes Team sorgt f\u00fcr ein angenehmes und denkw\u00fcrdiges Erlebnis<\/p><\/div><\/div>\n\n\n\n<div class=\"wp-block-uagb-info-box uagb-block-e32d6999 uagb-infobox__content-wrap  uagb-infobox-icon-left uagb-infobox-left uagb-infobox-stacked-mobile uagb-infobox-image-valign-top\"><div class=\"uagb-ifb-icon-wrap\"><div class=\"uagb-iconbox-icon-wrap uagb-infobox-shape-circle\"><svg xmlns=\"https:\/\/www.w3.org\/2000\/svg\" viewbox=\"0 0 384 512\"><path d=\"M374.6 73.39c-12.5-12.5-32.75-12.5-45.25 0l-320 320c-12.5 12.5-12.5 32.75 0 45.25C15.63 444.9 23.81 448 32 448s16.38-3.125 22.62-9.375l320-320C387.1 106.1 387.1 85.89 374.6 73.39zM64 192c35.3 0 64-28.72 64-64S99.3 64.01 64 64.01S0 92.73 0 128S28.7 192 64 192zM320 320c-35.3 0-64 28.72-64 64s28.7 64 64 64s64-28.72 64-64S355.3 320 320 320z\"><\/path><\/svg><\/div><\/div><div class=\"uagb-ifb-content\"><div class=\"uagb-ifb-title-wrap\"><h5 class=\"uagb-ifb-title\">Entspannende Atmosph\u00e4re<\/h5><\/div><p class=\"uagb-ifb-desc\">Erleben Sie eine entspannte Atmosph\u00e4re f\u00fcr einen wirklich angenehmen Aufenthalt<\/p><\/div><\/div>\n<\/div>\n<\/div><\/div>\n\n\n\n<div class=\"wp-block-uagb-container uagb-block-040dc388 alignfull uagb-is-root-container\"><div class=\"uagb-container-inner-blocks-wrap\">\n<div class=\"wp-block-uagb-info-box uagb-block-45df6fb5 uagb-infobox__content-wrap  uagb-infobox-icon-above-title uagb-infobox-image-valign-top spectra-popup-trigger-1102\"><div class=\"uagb-ifb-content\"><div class=\"uagb-ifb-title-wrap\"><h2 class=\"uagb-ifb-title\">Starten Sie jetzt Ihren erschwinglichen Kurzurlaub<\/h2><\/div><p class=\"uagb-ifb-desc\">Buchen Sie Ihren Aufenthalt im Wanna Studio und erleben Sie die perfekte Mischung aus Komfort und Erschwinglichkeit.<\/p><div class=\"uagb-ifb-button-wrapper wp-block-button\"><a href=\"#direct-booking\" class=\"uagb-infobox-cta-link wp-block-button__link\" target=\"_self\" rel=\"noopener noreferrer\" onclick=\"return true;\" alt=\"\"><span class=\"uagb-inline-editing\">Jetzt buchen<\/span><\/a><\/div><\/div><\/div>\n<\/div><\/div>","protected":false},"excerpt":{"rendered":"<p>About Us Experience the charm of Wanna Studio Wanna Studio started its operations with the vision of providing an affordable and welcoming getaway in Mauritius. Our founders recognized the need for budget-friendly accommodation without compromising on quality and service. With their passion for creating a laid-back atmosphere, they established Wanna Studio to cater to travelers [&hellip;]<\/p>","protected":false},"author":6,"featured_media":0,"parent":0,"menu_order":0,"comment_status":"closed","ping_status":"closed","template":"","meta":{"inline_featured_image":false,"_uag_custom_page_level_css":"","site-sidebar-layout":"no-sidebar","site-content-layout":"page-builder","ast-site-content-layout":"full-width-container","site-content-style":"unboxed","site-sidebar-style":"unboxed","ast-global-header-display":"","ast-banner-title-visibility":"","ast-main-header-display":"","ast-hfb-above-header-display":"","ast-hfb-below-header-display":"","ast-hfb-mobile-header-display":"","site-post-title":"disabled","ast-breadcrumbs-content":"","ast-featured-img":"","footer-sml-layout":"","ast-disable-related-posts":"","theme-transparent-header-meta":"enabled","adv-header-id-meta":"","stick-header-meta":"","header-above-stick-meta":"","header-main-stick-meta":"","header-below-stick-meta":"","astra-migrate-meta-layouts":"set","ast-page-background-enabled":"default","ast-page-background-meta":{"desktop":{"background-color":"var(--ast-global-color-4)","background-image":"","background-repeat":"repeat","background-position":"center center","background-size":"auto","background-attachment":"scroll","background-type":"","background-media":"","overlay-type":"","overlay-color":"","overlay-opacity":"","overlay-gradient":""},"tablet":{"background-color":"","background-image":"","background-repeat":"repeat","background-position":"center center","background-size":"auto","background-attachment":"scroll","background-type":"","background-media":"","overlay-type":"","overlay-color":"","overlay-opacity":"","overlay-gradient":""},"mobile":{"background-color":"","background-image":"","background-repeat":"repeat","background-position":"center center","background-size":"auto","background-attachment":"scroll","background-type":"","background-media":"","overlay-type":"","overlay-color":"","overlay-opacity":"","overlay-gradient":""}},"ast-content-background-meta":{"desktop":{"background-color":"var(--ast-global-color-5)","background-image":"","background-repeat":"repeat","background-position":"center center","background-size":"auto","background-attachment":"scroll","background-type":"","background-media":"","overlay-type":"","overlay-color":"","overlay-opacity":"","overlay-gradient":""},"tablet":{"background-color":"var(--ast-global-color-5)","background-image":"","background-repeat":"repeat","background-position":"center center","background-size":"auto","background-attachment":"scroll","background-type":"","background-media":"","overlay-type":"","overlay-color":"","overlay-opacity":"","overlay-gradient":""},"mobile":{"background-color":"var(--ast-global-color-5)","background-image":"","background-repeat":"repeat","background-position":"center center","background-size":"auto","background-attachment":"scroll","background-type":"","background-media":"","overlay-type":"","overlay-color":"","overlay-opacity":"","overlay-gradient":""}},"footnotes":""},"class_list":["post-14","page","type-page","status-publish","hentry"],"spectra_custom_meta":{"_customize_changeset_uuid":["484d2036-bc6b-48a6-9ee5-30130b0d3cc0"],"site-content-layout":["page-builder"],"theme-transparent-header-meta":["enabled"],"site-sidebar-layout":["no-sidebar"],"site-post-title":["disabled"],"_edit_lock":["1700500969:6"],"_uag_custom_page_level_css":[""],"adv-header-id-meta":[""],"stick-header-meta":[""],"footnotes":[""],"ast-site-content-layout":["full-width-container"],"site-content-style":["unboxed"],"site-sidebar-style":["unboxed"],"astra-migrate-meta-layouts":["set"],"_edit_last":["2"],"rank_math_og_content_image":["a:2:{s:5:\"check\";s:32:\"d7fa23e4eec05614a081a271289d461b\";s:6:\"images\";a:1:{i:0;s:103:\"https:\/\/www.wannastudio.com\/wp-content\/uploads\/2023\/11\/Wanna-Studio-Apartments-Mauritius-3-1024x640.jpg\";}}"],"_trp_automatically_translated_slug_de_DE":["uber"],"_trp_automatically_translated_slug_fr_FR":["a-propos-de"],"_trp_automatically_translated_slug_nl_NL":["over"],"rank_math_internal_links_processed":["1"],"_uag_css_file_name":["uag-css-14.css"],"_uagb_previous_block_counts":["a:90:{s:21:\"uagb\/advanced-heading\";i:3;s:15:\"uagb\/blockquote\";i:0;s:12:\"uagb\/buttons\";i:0;s:18:\"uagb\/buttons-child\";i:0;s:19:\"uagb\/call-to-action\";i:0;s:15:\"uagb\/cf7-styler\";i:0;s:11:\"uagb\/column\";i:0;s:12:\"uagb\/columns\";i:0;s:14:\"uagb\/container\";i:6;s:21:\"uagb\/content-timeline\";i:0;s:27:\"uagb\/content-timeline-child\";i:0;s:14:\"uagb\/countdown\";i:0;s:12:\"uagb\/counter\";i:0;s:8:\"uagb\/faq\";i:0;s:14:\"uagb\/faq-child\";i:0;s:10:\"uagb\/forms\";i:0;s:17:\"uagb\/forms-accept\";i:0;s:19:\"uagb\/forms-checkbox\";i:0;s:15:\"uagb\/forms-date\";i:0;s:16:\"uagb\/forms-email\";i:0;s:17:\"uagb\/forms-hidden\";i:0;s:15:\"uagb\/forms-name\";i:0;s:16:\"uagb\/forms-phone\";i:0;s:16:\"uagb\/forms-radio\";i:0;s:17:\"uagb\/forms-select\";i:0;s:19:\"uagb\/forms-textarea\";i:0;s:17:\"uagb\/forms-toggle\";i:0;s:14:\"uagb\/forms-url\";i:0;s:14:\"uagb\/gf-styler\";i:0;s:15:\"uagb\/google-map\";i:0;s:11:\"uagb\/how-to\";i:0;s:16:\"uagb\/how-to-step\";i:0;s:9:\"uagb\/icon\";i:0;s:14:\"uagb\/icon-list\";i:0;s:20:\"uagb\/icon-list-child\";i:0;s:10:\"uagb\/image\";i:1;s:18:\"uagb\/image-gallery\";i:0;s:13:\"uagb\/info-box\";i:5;s:18:\"uagb\/inline-notice\";i:0;s:11:\"uagb\/lottie\";i:0;s:21:\"uagb\/marketing-button\";i:0;s:10:\"uagb\/modal\";i:0;s:18:\"uagb\/popup-builder\";i:0;s:16:\"uagb\/post-button\";i:0;s:18:\"uagb\/post-carousel\";i:0;s:17:\"uagb\/post-excerpt\";i:0;s:14:\"uagb\/post-grid\";i:0;s:15:\"uagb\/post-image\";i:0;s:17:\"uagb\/post-masonry\";i:0;s:14:\"uagb\/post-meta\";i:0;s:18:\"uagb\/post-taxonomy\";i:0;s:18:\"uagb\/post-timeline\";i:0;s:15:\"uagb\/post-title\";i:0;s:20:\"uagb\/restaurant-menu\";i:0;s:26:\"uagb\/restaurant-menu-child\";i:0;s:11:\"uagb\/review\";i:0;s:12:\"uagb\/section\";i:0;s:14:\"uagb\/separator\";i:0;s:11:\"uagb\/slider\";i:0;s:17:\"uagb\/slider-child\";i:0;s:17:\"uagb\/social-share\";i:0;s:23:\"uagb\/social-share-child\";i:0;s:16:\"uagb\/star-rating\";i:0;s:23:\"uagb\/sure-cart-checkout\";i:0;s:22:\"uagb\/sure-cart-product\";i:0;s:15:\"uagb\/sure-forms\";i:0;s:22:\"uagb\/table-of-contents\";i:0;s:9:\"uagb\/tabs\";i:0;s:15:\"uagb\/tabs-child\";i:0;s:18:\"uagb\/taxonomy-list\";i:0;s:9:\"uagb\/team\";i:0;s:16:\"uagb\/testimonial\";i:0;s:14:\"uagb\/wp-search\";i:0;s:19:\"uagb\/instagram-feed\";i:0;s:10:\"uagb\/login\";i:0;s:17:\"uagb\/loop-builder\";i:0;s:18:\"uagb\/loop-category\";i:0;s:20:\"uagb\/loop-pagination\";i:0;s:15:\"uagb\/loop-reset\";i:0;s:16:\"uagb\/loop-search\";i:0;s:14:\"uagb\/loop-sort\";i:0;s:17:\"uagb\/loop-wrapper\";i:0;s:13:\"uagb\/register\";i:0;s:19:\"uagb\/register-email\";i:0;s:24:\"uagb\/register-first-name\";i:0;s:23:\"uagb\/register-last-name\";i:0;s:22:\"uagb\/register-password\";i:0;s:30:\"uagb\/register-reenter-password\";i:0;s:19:\"uagb\/register-terms\";i:0;s:22:\"uagb\/register-username\";i:0;}"],"_uagb_last_spectra_edit":["1776795580"]},"uagb_featured_image_src":{"full":false,"thumbnail":false,"medium":false,"medium_large":false,"large":false,"1536x1536":false,"2048x2048":false,"trp-custom-language-flag":false},"uagb_author_info":{"display_name":"GJSaLTrs1VV5","author_link":"https:\/\/www.wannastudio.com\/de\/author\/gjsaltrs1vv5\/"},"uagb_comment_info":0,"uagb_excerpt":"About Us Experience the charm of Wanna Studio Wanna Studio started its operations with the vision of providing an affordable and welcoming getaway in Mauritius. Our founders recognized the need for budget-friendly accommodation without compromising on quality and service. With their passion for creating a laid-back atmosphere, they established Wanna Studio to cater to travelers&hellip;","_links":{"self":[{"href":"https:\/\/www.wannastudio.com\/de\/wp-json\/wp\/v2\/pages\/14","targetHints":{"allow":["GET"]}}],"collection":[{"href":"https:\/\/www.wannastudio.com\/de\/wp-json\/wp\/v2\/pages"}],"about":[{"href":"https:\/\/www.wannastudio.com\/de\/wp-json\/wp\/v2\/types\/page"}],"author":[{"embeddable":true,"href":"https:\/\/www.wannastudio.com\/de\/wp-json\/wp\/v2\/users\/6"}],"replies":[{"embeddable":true,"href":"https:\/\/www.wannastudio.com\/de\/wp-json\/wp\/v2\/comments?post=14"}],"version-history":[{"count":4,"href":"https:\/\/www.wannastudio.com\/de\/wp-json\/wp\/v2\/pages\/14\/revisions"}],"predecessor-version":[{"id":1097,"href":"https:\/\/www.wannastudio.com\/de\/wp-json\/wp\/v2\/pages\/14\/revisions\/1097"}],"wp:attachment":[{"href":"https:\/\/www.wannastudio.com\/de\/wp-json\/wp\/v2\/media?parent=14"}],"curies":[{"name":"wp","href":"https:\/\/api.w.org\/{rel}","templated":true}]}}